{"id":3354,"date":"2021-04-24T20:54:13","date_gmt":"2021-04-24T23:54:13","guid":{"rendered":"https:\/\/web.novaelectronica.com.ar\/?post_type=product&#038;p=3354"},"modified":"2023-06-12T11:11:09","modified_gmt":"2023-06-12T14:11:09","slug":"tomacorriente-inteligente","status":"publish","type":"product","link":"https:\/\/web.novaelectronica.com.ar\/?product=tomacorriente-inteligente","title":{"rendered":"Tomacorriente Inteligente"},"content":{"rendered":"<section>\n<h4 style=\"margin: 0px;\"><em>Caracter\u00edsticas T\u00e9cnicas:<\/em><\/h4>\n<ul>\n<li>WiFi 2,5Ghz<\/li>\n<li>Entrada\/salida: 220VCA 50hz<\/li>\n<li>Corriente m\u00e1xima: 10A<\/li>\n<li>Multiplataforma<\/li>\n<\/ul>\n<\/section>\n<section>\n<h4 style=\"margin: 0px;\"><em>Control:<\/em><\/h4>\n<ul>\n<li>Aplicaci\u00f3n propia instalable o conexi\u00f3n a trav\u00e9s de un navegador WEB.<\/li>\n<li>Controlable desde celular, tablet, pc o en forma manual desde el pulsador del dispositivo.<\/li>\n<li>Posibilidad de compartir el control del dispositivo con otros usuarios.<\/li>\n<li>Notificaciones\n<ul style=\"list-style-type: circle;\">\n<li>En tus dispositivos con la aplicaci\u00f3n abierta o cerrada.<\/li>\n<li>Mediante Telegram.<\/li>\n<\/ul>\n<\/li>\n<\/ul>\n<\/section>\n","protected":false},"excerpt":{"rendered":"<ul>\n<li>Control\u00e1 tus artefactos el\u00e9ctricos desde tu celular, tablet o computadora con este tomacorriente WiFi.<\/li>\n<li>Compart\u00ed con otras personas para que puedan controlarlo y recib\u00ed notificaciones cuando cambie de estado.<\/li>\n<li>Pod\u00e9s controlarlo desde cualquier lugar del mundo por internet, desde tu red WiFi dom\u00e9stica o conect\u00e1ndote directamente al tomacorriente por una red WiFi que \u00e9l mismo genera.<\/li>\n<\/ul>\n<p>Env\u00edo gratis a Zona de Caseros, Villa Bosch, Palomar, Mart\u00edn Coronado y Santos Lugares.<\/p>\n<p>Puede retirarse personalmente en la Estaci\u00f3n de Villa Bosch los d\u00edas S\u00e1bados de 10 a 11:30hs.<\/p>\n<p>Consultar por env\u00edo a otras zonas.<\/p>\n<p>&nbsp;<\/p>\n","protected":false},"featured_media":3392,"comment_status":"open","ping_status":"closed","template":"","meta":{"site-sidebar-layout":"default","site-content-layout":"default","ast-site-content-layout":"","site-content-style":"default","site-sidebar-style":"default","ast-global-header-display":"","ast-banner-title-visibility":"","ast-main-header-display":"","ast-hfb-above-header-display":"","ast-hfb-below-header-display":"","ast-hfb-mobile-header-display":"","site-post-title":"","ast-breadcrumbs-content":"","ast-featured-img":"","footer-sml-layout":"","theme-transparent-header-meta":"default","adv-header-id-meta":"","stick-header-meta":"","header-above-stick-meta":"","header-main-stick-meta":"","header-below-stick-meta":"","astra-migrate-meta-layouts":"default","ast-page-background-enabled":"default","ast-page-background-meta":{"desktop":{"background-color":"","background-image":"","background-repeat":"repeat","background-position":"center center","background-size":"auto","background-attachment":"scroll","background-type":"","background-media":"","overlay-type":"","overlay-color":"","overlay-opacity":"","overlay-gradient":""},"tablet":{"background-color":"","background-image":"","background-repeat":"repeat","background-position":"center center","background-size":"auto","background-attachment":"scroll","background-type":"","background-media":"","overlay-type":"","overlay-color":"","overlay-opacity":"","overlay-gradient":""},"mobile":{"background-color":"","background-image":"","background-repeat":"repeat","background-position":"center center","background-size":"auto","background-attachment":"scroll","background-type":"","background-media":"","overlay-type":"","overlay-color":"","overlay-opacity":"","overlay-gradient":""}},"ast-content-background-meta":{"desktop":{"background-color":"var(--ast-global-color-5)","background-image":"","background-repeat":"repeat","background-position":"center center","background-size":"auto","background-attachment":"scroll","background-type":"","background-media":"","overlay-type":"","overlay-color":"","overlay-opacity":"","overlay-gradient":""},"tablet":{"background-color":"var(--ast-global-color-5)","background-image":"","background-repeat":"repeat","background-position":"center center","background-size":"auto","background-attachment":"scroll","background-type":"","background-media":"","overlay-type":"","overlay-color":"","overlay-opacity":"","overlay-gradient":""},"mobile":{"background-color":"var(--ast-global-color-5)","background-image":"","background-repeat":"repeat","background-position":"center center","background-size":"auto","background-attachment":"scroll","background-type":"","background-media":"","overlay-type":"","overlay-color":"","overlay-opacity":"","overlay-gradient":""}}},"product_brand":[],"product_cat":[56,59],"product_tag":[57,58],"class_list":{"0":"post-3354","1":"product","2":"type-product","3":"status-publish","4":"has-post-thumbnail","6":"product_cat-domotica","7":"product_cat-iot","8":"product_tag-tomacorriente","9":"product_tag-wifi","10":"desktop-align-left","11":"tablet-align-left","12":"mobile-align-left","14":"first","15":"instock","16":"shipping-taxable","17":"product-type-simple"},"_links":{"self":[{"href":"https:\/\/web.novaelectronica.com.ar\/index.php?rest_route=\/wp\/v2\/product\/3354","targetHints":{"allow":["GET"]}}],"collection":[{"href":"https:\/\/web.novaelectronica.com.ar\/index.php?rest_route=\/wp\/v2\/product"}],"about":[{"href":"https:\/\/web.novaelectronica.com.ar\/index.php?rest_route=\/wp\/v2\/types\/product"}],"replies":[{"embeddable":true,"href":"https:\/\/web.novaelectronica.com.ar\/index.php?rest_route=%2Fwp%2Fv2%2Fcomments&post=3354"}],"version-history":[{"count":24,"href":"https:\/\/web.novaelectronica.com.ar\/index.php?rest_route=\/wp\/v2\/product\/3354\/revisions"}],"predecessor-version":[{"id":3505,"href":"https:\/\/web.novaelectronica.com.ar\/index.php?rest_route=\/wp\/v2\/product\/3354\/revisions\/3505"}],"wp:featuredmedia":[{"embeddable":true,"href":"https:\/\/web.novaelectronica.com.ar\/index.php?rest_route=\/wp\/v2\/media\/3392"}],"wp:attachment":[{"href":"https:\/\/web.novaelectronica.com.ar\/index.php?rest_route=%2Fwp%2Fv2%2Fmedia&parent=3354"}],"wp:term":[{"taxonomy":"product_brand","embeddable":true,"href":"https:\/\/web.novaelectronica.com.ar\/index.php?rest_route=%2Fwp%2Fv2%2Fproduct_brand&post=3354"},{"taxonomy":"product_cat","embeddable":true,"href":"https:\/\/web.novaelectronica.com.ar\/index.php?rest_route=%2Fwp%2Fv2%2Fproduct_cat&post=3354"},{"taxonomy":"product_tag","embeddable":true,"href":"https:\/\/web.novaelectronica.com.ar\/index.php?rest_route=%2Fwp%2Fv2%2Fproduct_tag&post=3354"}],"curies":[{"name":"wp","href":"https:\/\/api.w.org\/{rel}","templated":true}]}}