{"id":3248,"date":"2021-04-06T23:40:33","date_gmt":"2021-04-07T02:40:33","guid":{"rendered":"https:\/\/web.novaelectronica.com.ar\/?post_type=product&#038;p=3248"},"modified":"2023-06-12T11:09:57","modified_gmt":"2023-06-12T14:09:57","slug":"cargador-cas-12-a","status":"publish","type":"product","link":"https:\/\/web.novaelectronica.com.ar\/?product=cargador-cas-12-a","title":{"rendered":"Cargador CAS 12 &#8211; A"},"content":{"rendered":"<p><strong><em>Descripci\u00f3n General:<\/em><\/strong> Cargador autom\u00e1tico switching tipo flote. Corriente controlada electr\u00f3nicamente. Sistema de corriente continua. Sistema de compensaci\u00f3n de ca\u00edda de tensi\u00f3n en cables.<\/p>\n<p><strong><em>Protecciones:<\/em><\/strong> Electr\u00f3nica contra corto circuitos e inversi\u00f3n de bater\u00edas.\u00a0 Por fusible interno de 220 V.C.A. y fusible electr\u00f3nico interno autoreseteable de salida. Ajuste de corriente por temperatura.<\/p>\n<p><strong><em>Indicadores:<\/em><\/strong> Lum\u00ednicos de conexi\u00f3n a l\u00ednea, estado de carga, bater\u00eda invertida.<\/p>\n","protected":false},"excerpt":{"rendered":"<p>Cargador autom\u00e1tico switching tipo flote de 12V<\/p>\n","protected":false},"featured_media":3249,"comment_status":"open","ping_status":"closed","template":"","meta":{"site-sidebar-layout":"default","site-content-layout":"default","ast-site-content-layout":"","site-content-style":"default","site-sidebar-style":"default","ast-global-header-display":"","ast-banner-title-visibility":"","ast-main-header-display":"","ast-hfb-above-header-display":"","ast-hfb-below-header-display":"","ast-hfb-mobile-header-display":"","site-post-title":"","ast-breadcrumbs-content":"","ast-featured-img":"","footer-sml-layout":"","theme-transparent-header-meta":"default","adv-header-id-meta":"","stick-header-meta":"","header-above-stick-meta":"","header-main-stick-meta":"","header-below-stick-meta":"","astra-migrate-meta-layouts":"default","ast-page-background-enabled":"default","ast-page-background-meta":{"desktop":{"background-color":"","background-image":"","background-repeat":"repeat","background-position":"center center","background-size":"auto","background-attachment":"scroll","background-type":"","background-media":"","overlay-type":"","overlay-color":"","overlay-opacity":"","overlay-gradient":""},"tablet":{"background-color":"","background-image":"","background-repeat":"repeat","background-position":"center center","background-size":"auto","background-attachment":"scroll","background-type":"","background-media":"","overlay-type":"","overlay-color":"","overlay-opacity":"","overlay-gradient":""},"mobile":{"background-color":"","background-image":"","background-repeat":"repeat","background-position":"center center","background-size":"auto","background-attachment":"scroll","background-type":"","background-media":"","overlay-type":"","overlay-color":"","overlay-opacity":"","overlay-gradient":""}},"ast-content-background-meta":{"desktop":{"background-color":"var(--ast-global-color-5)","background-image":"","background-repeat":"repeat","background-position":"center center","background-size":"auto","background-attachment":"scroll","background-type":"","background-media":"","overlay-type":"","overlay-color":"","overlay-opacity":"","overlay-gradient":""},"tablet":{"background-color":"var(--ast-global-color-5)","background-image":"","background-repeat":"repeat","background-position":"center center","background-size":"auto","background-attachment":"scroll","background-type":"","background-media":"","overlay-type":"","overlay-color":"","overlay-opacity":"","overlay-gradient":""},"mobile":{"background-color":"var(--ast-global-color-5)","background-image":"","background-repeat":"repeat","background-position":"center center","background-size":"auto","background-attachment":"scroll","background-type":"","background-media":"","overlay-type":"","overlay-color":"","overlay-opacity":"","overlay-gradient":""}}},"product_brand":[],"product_cat":[52],"product_tag":[53,55,54],"class_list":{"0":"post-3248","1":"product","2":"type-product","3":"status-publish","4":"has-post-thumbnail","6":"product_cat-cargador-de-baterias","7":"product_tag-cargador","8":"product_tag-flote","9":"product_tag-switching","10":"desktop-align-left","11":"tablet-align-left","12":"mobile-align-left","14":"first","15":"onbackorder","16":"shipping-taxable","17":"product-type-simple"},"_links":{"self":[{"href":"https:\/\/web.novaelectronica.com.ar\/index.php?rest_route=\/wp\/v2\/product\/3248","targetHints":{"allow":["GET"]}}],"collection":[{"href":"https:\/\/web.novaelectronica.com.ar\/index.php?rest_route=\/wp\/v2\/product"}],"about":[{"href":"https:\/\/web.novaelectronica.com.ar\/index.php?rest_route=\/wp\/v2\/types\/product"}],"replies":[{"embeddable":true,"href":"https:\/\/web.novaelectronica.com.ar\/index.php?rest_route=%2Fwp%2Fv2%2Fcomments&post=3248"}],"version-history":[{"count":2,"href":"https:\/\/web.novaelectronica.com.ar\/index.php?rest_route=\/wp\/v2\/product\/3248\/revisions"}],"predecessor-version":[{"id":3251,"href":"https:\/\/web.novaelectronica.com.ar\/index.php?rest_route=\/wp\/v2\/product\/3248\/revisions\/3251"}],"wp:featuredmedia":[{"embeddable":true,"href":"https:\/\/web.novaelectronica.com.ar\/index.php?rest_route=\/wp\/v2\/media\/3249"}],"wp:attachment":[{"href":"https:\/\/web.novaelectronica.com.ar\/index.php?rest_route=%2Fwp%2Fv2%2Fmedia&parent=3248"}],"wp:term":[{"taxonomy":"product_brand","embeddable":true,"href":"https:\/\/web.novaelectronica.com.ar\/index.php?rest_route=%2Fwp%2Fv2%2Fproduct_brand&post=3248"},{"taxonomy":"product_cat","embeddable":true,"href":"https:\/\/web.novaelectronica.com.ar\/index.php?rest_route=%2Fwp%2Fv2%2Fproduct_cat&post=3248"},{"taxonomy":"product_tag","embeddable":true,"href":"https:\/\/web.novaelectronica.com.ar\/index.php?rest_route=%2Fwp%2Fv2%2Fproduct_tag&post=3248"}],"curies":[{"name":"wp","href":"https:\/\/api.w.org\/{rel}","templated":true}]}}